{"id":49,"date":"2025-12-22T20:50:33","date_gmt":"2025-12-22T19:50:33","guid":{"rendered":"https:\/\/cliniceixamplesjd.com\/?page_id=49"},"modified":"2025-12-29T21:28:30","modified_gmt":"2025-12-29T20:28:30","slug":"especialitats","status":"publish","type":"page","link":"https:\/\/cliniceixamplesjd.com\/es\/especialitats\/","title":{"rendered":"Especialidades"},"content":{"rendered":"<div data-elementor-type=\"wp-page\" data-elementor-id=\"49\" class=\"elementor elementor-49\" data-elementor-post-type=\"page\">\n\t\t\t\t<div class=\"elementor-element elementor-element-e9d75e2 e-con-full e-flex e-con e-parent\" data-id=\"e9d75e2\" data-element_type=\"container\" data-settings=\"{&quot;background_background&quot;:&quot;classic&quot;}\">\n\t\t\t\t<div class=\"elementor-element elementor-element-24559f2 elementor-widget elementor-widget-heading\" data-id=\"24559f2\" data-element_type=\"widget\" data-widget_type=\"heading.default\">\n\t\t\t\t\t<h2 class=\"elementor-heading-title elementor-size-default\">Especialidades<\/h2>\t\t\t\t<\/div>\n\t\t\t\t<\/div>\n\t\t<div class=\"elementor-element elementor-element-4f75df5 e-flex e-con-boxed e-con e-parent\" data-id=\"4f75df5\" data-element_type=\"container\">\n\t\t\t\t\t<div class=\"e-con-inner\">\n\t\t\t\t<div class=\"elementor-element elementor-element-8562f89 elementor-widget elementor-widget-cta\" data-id=\"8562f89\" data-element_type=\"widget\" data-settings=\"{&quot;layout_preset&quot;:&quot;showcase&quot;,&quot;layout_column_structure&quot;:&quot;33-66&quot;,&quot;content_position_vertical&quot;:&quot;center&quot;,&quot;image_horizontal_position&quot;:&quot;start&quot;,&quot;image_horizontal_position_tablet&quot;:&quot;start&quot;,&quot;image_horizontal_position_mobile&quot;:&quot;start&quot;,&quot;content_position_vertical_tablet&quot;:&quot;start&quot;,&quot;content_position_vertical_mobile&quot;:&quot;start&quot;,&quot;image_shape&quot;:&quot;sharp&quot;,&quot;primary_button_shape&quot;:&quot;default&quot;,&quot;box_shape&quot;:&quot;sharp&quot;}\" data-widget_type=\"cta.default\">\n\t\t\t\t<div class=\"elementor-widget-container\">\n\t\t\t\t\t\t\t<div class=\"has-shape-sharp shape-type-box ehp-cta has-preset-showcase has-image-stretch\">\n\t\t\t<div class=\"ehp-cta__overlay\"><\/div>\n\t\t\t<div class=\"has-column-structure-33-66  ehp-cta__elements-container has-image-position-start has-image-position-md-start has-image-position-sm-start\">\n\t\t\t\t\t\t\t<div class=\"ehp-image ehp-cta__image-container\">\n\t\t\t\t<img decoding=\"async\" class=\"ehp-image__img ehp-cta__img has-shape-sharp shape-type-image\" src=\"https:\/\/cliniceixamplesjd.com\/wp-content\/uploads\/2025\/12\/danie-franco-jyyNiSEcCl4-unsplash.jpg\" title=\"danie-franco-jyyNiSEcCl4-unsplash\" alt=\"danie-franco-jyyNiSEcCl4-unsplash\" loading=\"lazy\" \/>\t\t\t<\/div>\n\t\t\t\t\t<div class=\"ehp-cta__text-container\">\n\t\t\t<h2 class=\"ehp-cta__heading\">PODOLOG\u00cdA<\/h2><p class=\"ehp-cta__description\">En Centre Cl\u00ednic L&#039;Eixample, la podolog\u00eda se focaliza en el cuidado integral de tus pies. Nuestro equipo de profesionales trabaja en la prevenci\u00f3n, el diagn\u00f3stico y el tratamiento de afecciones como los hongos, las verrugas plantares, las u\u00f1as encarnadas (u\u00f1as clavadas), los juanetes y otras patolog\u00edas del pie. Uno de los pilares de nuestros tratamientos son las plantillas personalizadas, dise\u00f1adas a medida despu\u00e9s de un estudio biomec\u00e1nico, con el objetivo de corregir alteraciones de la marcha, aliviar dolor y mejorar el confort en el d\u00eda a d\u00eda. Con un enfoque totalmente personalizado y el uso de tecnolog\u00eda de \u00faltima generaci\u00f3n, garantizamos una atenci\u00f3n profesional y de calidad para que tus pies reciban el cuidado que merecen.<\/p>\t\t\t<div class=\"ehp-cta__ctas-container\">\n\t\t\t\t<div class=\"ehp-cta__buttons-wrapper\">\n\t\t\t\t\t\t\t<a class=\"has-shape-default shape-type-button ehp-button ehp-button--primary ehp-cta__button ehp-cta__button--primary is-type-button\" href=\"https:\/\/cliniceixamplesjd.com\/es\/tractaments\/\">\n\t\t\t\t\t<span class=\"ehp-button__text ehp-cta__button-text ehp-cta__button-text--primary\">\n\t\t\tTratamientos\t\t\t\t<\/a>\n\t\t\t\t\t\t\t\t\t\t\t<\/div>\n\t\t\t<\/div>\n\t\t\t\t<\/div>\n\t\t\t\t\t<\/div>\n\t\t<\/div>\n\t\t\t\t\t\t<\/div>\n\t\t\t\t<\/div>\n\t\t\t\t<div class=\"elementor-element elementor-element-8eb3cd4 elementor-widget elementor-widget-cta\" data-id=\"8eb3cd4\" data-element_type=\"widget\" data-settings=\"{&quot;layout_preset&quot;:&quot;showcase&quot;,&quot;layout_column_structure&quot;:&quot;33-66&quot;,&quot;content_position_vertical&quot;:&quot;center&quot;,&quot;image_horizontal_position&quot;:&quot;start&quot;,&quot;image_horizontal_position_tablet&quot;:&quot;start&quot;,&quot;image_horizontal_position_mobile&quot;:&quot;start&quot;,&quot;content_position_vertical_tablet&quot;:&quot;start&quot;,&quot;content_position_vertical_mobile&quot;:&quot;start&quot;,&quot;image_shape&quot;:&quot;sharp&quot;,&quot;primary_button_shape&quot;:&quot;default&quot;,&quot;secondary_button_shape&quot;:&quot;default&quot;,&quot;box_shape&quot;:&quot;sharp&quot;}\" data-widget_type=\"cta.default\">\n\t\t\t\t<div class=\"elementor-widget-container\">\n\t\t\t\t\t\t\t<div class=\"has-shape-sharp shape-type-box ehp-cta has-preset-showcase has-image-stretch\">\n\t\t\t<div class=\"ehp-cta__overlay\"><\/div>\n\t\t\t<div class=\"has-column-structure-33-66  ehp-cta__elements-container has-image-position-start has-image-position-md-start has-image-position-sm-start\">\n\t\t\t\t\t\t\t<div class=\"ehp-image ehp-cta__image-container\">\n\t\t\t\t<img decoding=\"async\" class=\"ehp-image__img ehp-cta__img has-shape-sharp shape-type-image\" src=\"https:\/\/cliniceixamplesjd.com\/wp-content\/uploads\/2025\/12\/edward-muntinga-YidaiQHHmlM-unsplash.jpg\" title=\"edward-muntinga-YidaiQHHmlM-unsplash\" alt=\"edward-muntinga-YidaiQHHmlM-unsplash\" loading=\"lazy\" \/>\t\t\t<\/div>\n\t\t\t\t\t<div class=\"ehp-cta__text-container\">\n\t\t\t<h2 class=\"ehp-cta__heading\">FISIOTERAPIA<\/h2><p class=\"ehp-cta__description\">En Centro Cl\u00ednico L&#039;Eixample, la fisioterapia tiene como objetivo mejorar la movilidad y la calidad de vida de nuestros pacientes en todas las etapas de la vida. Nuestro equipo de fisioterapeutas ofrece una atenci\u00f3n personalizada adaptada a las necesidades de cada persona. Ofrecemos fisioterapia infantil, ayudando a los m\u00e1s peque\u00f1os a superar lesiones y favorecer un desarrollo saludable, as\u00ed como fisioterapia geri\u00e1trica, orientada a mejorar la funcionalidad y el bienestar de las personas mayores. Nos especializamos en el tratamiento de patolog\u00edas cr\u00f3nicas, como la fibromialgia, la artrosis y otros procesos degenerativos, con el objetivo de aliviar el dolor y potenciar la autonom\u00eda de los pacientes. Adem\u00e1s, damos una importancia destacada a la fisioterapia deportiva, tanto en la recuperaci\u00f3n de lesiones como en la prevenci\u00f3n y mejora del rendimiento, acompa\u00f1ando a deportistas de todos los niveles en su proceso de recuperaci\u00f3n. Trabajamos con un enfoque integral y cercano, utilizando terapia manual y ejercicios terap\u00e9uticos para conseguir una recuperaci\u00f3n segura, efectiva y de larga duraci\u00f3n. .\n<\/p>\t\t\t<div class=\"ehp-cta__ctas-container\">\n\t\t\t\t<div class=\"ehp-cta__buttons-wrapper\">\n\t\t\t\t\t\t\t<a class=\"has-shape-default shape-type-button ehp-button ehp-button--primary ehp-cta__button ehp-cta__button--primary is-type-button\" href=\"https:\/\/cliniceixamplesjd.com\/es\/tractaments\/\">\n\t\t\t\t\t<span class=\"ehp-button__text ehp-cta__button-text ehp-cta__button-text--primary\">\n\t\t\tTratamientos\t\t\t\t<\/a>\n\t\t\t\t\t\t\t\t\t\t\t<\/div>\n\t\t\t<\/div>\n\t\t\t\t<\/div>\n\t\t\t\t\t<\/div>\n\t\t<\/div>\n\t\t\t\t\t\t<\/div>\n\t\t\t\t<\/div>\n\t\t\t\t<div class=\"elementor-element elementor-element-46e732a elementor-widget elementor-widget-cta\" data-id=\"46e732a\" data-element_type=\"widget\" data-settings=\"{&quot;layout_preset&quot;:&quot;showcase&quot;,&quot;layout_column_structure&quot;:&quot;33-66&quot;,&quot;content_position_vertical&quot;:&quot;center&quot;,&quot;image_horizontal_position&quot;:&quot;start&quot;,&quot;image_horizontal_position_tablet&quot;:&quot;start&quot;,&quot;image_horizontal_position_mobile&quot;:&quot;start&quot;,&quot;content_position_vertical_tablet&quot;:&quot;start&quot;,&quot;content_position_vertical_mobile&quot;:&quot;start&quot;,&quot;image_shape&quot;:&quot;sharp&quot;,&quot;primary_button_shape&quot;:&quot;default&quot;,&quot;secondary_button_shape&quot;:&quot;default&quot;,&quot;box_shape&quot;:&quot;sharp&quot;}\" data-widget_type=\"cta.default\">\n\t\t\t\t<div class=\"elementor-widget-container\">\n\t\t\t\t\t\t\t<div class=\"has-shape-sharp shape-type-box ehp-cta has-preset-showcase has-image-stretch\">\n\t\t\t<div class=\"ehp-cta__overlay\"><\/div>\n\t\t\t<div class=\"has-column-structure-33-66  ehp-cta__elements-container has-image-position-start has-image-position-md-start has-image-position-sm-start\">\n\t\t\t\t\t\t\t<div class=\"ehp-image ehp-cta__image-container\">\n\t\t\t\t<img decoding=\"async\" class=\"ehp-image__img ehp-cta__img has-shape-sharp shape-type-image\" src=\"https:\/\/cliniceixamplesjd.com\/wp-content\/uploads\/2025\/12\/Gemini_Generated_Image_11sk6411sk6411sk.png\" title=\"Gemini_Generated_Image_11sk6411sk6411sk\" alt=\"Gemini_Generated_Image_11sk6411sk6411sk\" loading=\"lazy\" \/>\t\t\t<\/div>\n\t\t\t\t\t<div class=\"ehp-cta__text-container\">\n\t\t\t<h2 class=\"ehp-cta__heading\">LOGOPEDIA<\/h2><p class=\"ehp-cta__description\">En Centre Cl\u00ednic L&#039;Eixample, la logopedia se centra en mejorar la comunicaci\u00f3n, el lenguaje y la degluci\u00f3n de nuestros pacientes. Nuestro equipo de logopedas trabaja con ni\u00f1os, adolescentes y adultos, abordando dificultades como la dislexia, la tartamudez y los trastornos del habla y del lenguaje. Adem\u00e1s, ofrecemos tratamiento especializado de la degluci\u00f3n para personas que han sufrido enfermedades neurol\u00f3gicas como el ictus o sufren el Parkinson, con el objetivo de recuperar la funcionalidad y la seguridad a la hora de tragar.<\/p>\t\t\t<div class=\"ehp-cta__ctas-container\">\n\t\t\t\t<div class=\"ehp-cta__buttons-wrapper\">\n\t\t\t\t\t\t\t<a class=\"has-shape-default shape-type-button ehp-button ehp-button--primary ehp-cta__button ehp-cta__button--primary is-type-button\" href=\"https:\/\/cliniceixamplesjd.com\/es\/tractaments\/\">\n\t\t\t\t\t<span class=\"ehp-button__text ehp-cta__button-text ehp-cta__button-text--primary\">\n\t\t\tTratamientos\t\t\t\t<\/a>\n\t\t\t\t\t\t\t\t\t\t\t<\/div>\n\t\t\t<\/div>\n\t\t\t\t<\/div>\n\t\t\t\t\t<\/div>\n\t\t<\/div>\n\t\t\t\t\t\t<\/div>\n\t\t\t\t<\/div>\n\t\t\t\t<div class=\"elementor-element elementor-element-d45a56f elementor-widget elementor-widget-cta\" data-id=\"d45a56f\" data-element_type=\"widget\" data-settings=\"{&quot;layout_preset&quot;:&quot;showcase&quot;,&quot;layout_column_structure&quot;:&quot;33-66&quot;,&quot;content_position_vertical&quot;:&quot;center&quot;,&quot;image_horizontal_position&quot;:&quot;start&quot;,&quot;image_horizontal_position_tablet&quot;:&quot;start&quot;,&quot;image_horizontal_position_mobile&quot;:&quot;start&quot;,&quot;content_position_vertical_tablet&quot;:&quot;start&quot;,&quot;content_position_vertical_mobile&quot;:&quot;start&quot;,&quot;image_shape&quot;:&quot;sharp&quot;,&quot;primary_button_shape&quot;:&quot;default&quot;,&quot;secondary_button_shape&quot;:&quot;default&quot;,&quot;box_shape&quot;:&quot;sharp&quot;}\" data-widget_type=\"cta.default\">\n\t\t\t\t<div class=\"elementor-widget-container\">\n\t\t\t\t\t\t\t<div class=\"has-shape-sharp shape-type-box ehp-cta has-preset-showcase has-image-stretch\">\n\t\t\t<div class=\"ehp-cta__overlay\"><\/div>\n\t\t\t<div class=\"has-column-structure-33-66  ehp-cta__elements-container has-image-position-start has-image-position-md-start has-image-position-sm-start\">\n\t\t\t\t\t\t\t<div class=\"ehp-image ehp-cta__image-container\">\n\t\t\t\t<img decoding=\"async\" class=\"ehp-image__img ehp-cta__img has-shape-sharp shape-type-image\" src=\"https:\/\/cliniceixamplesjd.com\/wp-content\/uploads\/2025\/12\/Gemini_Generated_Image_1wmpqr1wmpqr1wmp.png\" title=\"Gemini_Generated_Image_1wmpqr1wmpqr1wmp\" alt=\"Gemini_Generated_Image_1wmpqr1wmpqr1wmp\" loading=\"lazy\" \/>\t\t\t<\/div>\n\t\t\t\t\t<div class=\"ehp-cta__text-container\">\n\t\t\t<h2 class=\"ehp-cta__heading\">PSICOLOG\u00cdA<\/h2><p class=\"ehp-cta__description\">En Centre Cl\u00ednic L&#039;Eixample, la psicolog\u00eda se centra en el bienestar emocional y mental de personas de todas las edades. Nuestro equipo ofrece terapia individual, en adultos, de pareja y familiar y est\u00e1 especialmente especializado en atenci\u00f3n infantil y infantojuvenil. Trabajamos, con proximidad y profesionalidad, aspectos como la ansiedad, la depresi\u00f3n, el desarrollo emocional y las dificultades escolares, creando un espacio seguro y de confianza donde ni\u00f1os y adolescentes se sientan escuchados y acompa\u00f1ados.<\/p>\t\t\t<div class=\"ehp-cta__ctas-container\">\n\t\t\t\t<div class=\"ehp-cta__buttons-wrapper\">\n\t\t\t\t\t\t\t<a class=\"has-shape-default shape-type-button ehp-button ehp-button--primary ehp-cta__button ehp-cta__button--primary is-type-button\" href=\"https:\/\/cliniceixamplesjd.com\/es\/tractaments\/\">\n\t\t\t\t\t<span class=\"ehp-button__text ehp-cta__button-text ehp-cta__button-text--primary\">\n\t\t\tTratamientos\t\t\t\t<\/a>\n\t\t\t\t\t\t\t\t\t\t\t<\/div>\n\t\t\t<\/div>\n\t\t\t\t<\/div>\n\t\t\t\t\t<\/div>\n\t\t<\/div>\n\t\t\t\t\t\t<\/div>\n\t\t\t\t<\/div>\n\t\t\t\t\t<\/div>\n\t\t\t\t<\/div>\n\t\t\t\t<\/div>","protected":false},"excerpt":{"rendered":"<p>PODOLOGIA A Centre Cl\u00ednic L\u2019Eixample, la podologia es focalitza en la cura integral dels teus peus. El nostre equip de professionals treballa en la prevenci\u00f3, el diagn\u00f2stic i el tractament d\u2019afeccions com els fongs, les berrugues plantars, les ungles encarnades (ungles clavades), els galindons i altres patologies del peu. Un dels pilars dels nostres tractaments [&hellip;]<\/p>","protected":false},"author":1,"featured_media":0,"parent":0,"menu_order":0,"comment_status":"closed","ping_status":"closed","template":"","meta":{"footnotes":""},"class_list":["post-49","page","type-page","status-publish","hentry"],"_links":{"self":[{"href":"https:\/\/cliniceixamplesjd.com\/es\/wp-json\/wp\/v2\/pages\/49","targetHints":{"allow":["GET"]}}],"collection":[{"href":"https:\/\/cliniceixamplesjd.com\/es\/wp-json\/wp\/v2\/pages"}],"about":[{"href":"https:\/\/cliniceixamplesjd.com\/es\/wp-json\/wp\/v2\/types\/page"}],"author":[{"embeddable":true,"href":"https:\/\/cliniceixamplesjd.com\/es\/wp-json\/wp\/v2\/users\/1"}],"replies":[{"embeddable":true,"href":"https:\/\/cliniceixamplesjd.com\/es\/wp-json\/wp\/v2\/comments?post=49"}],"version-history":[{"count":29,"href":"https:\/\/cliniceixamplesjd.com\/es\/wp-json\/wp\/v2\/pages\/49\/revisions"}],"predecessor-version":[{"id":315,"href":"https:\/\/cliniceixamplesjd.com\/es\/wp-json\/wp\/v2\/pages\/49\/revisions\/315"}],"wp:attachment":[{"href":"https:\/\/cliniceixamplesjd.com\/es\/wp-json\/wp\/v2\/media?parent=49"}],"curies":[{"name":"wp","href":"https:\/\/api.w.org\/{rel}","templated":true}]}}