{"id":47,"date":"2025-12-22T20:50:03","date_gmt":"2025-12-22T19:50:03","guid":{"rendered":"https:\/\/cliniceixamplesjd.com\/?page_id=47"},"modified":"2025-12-29T16:52:09","modified_gmt":"2025-12-29T15:52:09","slug":"sobre-nosaltres","status":"publish","type":"page","link":"https:\/\/cliniceixamplesjd.com\/es\/sobre-nosaltres\/","title":{"rendered":"Acerca de Nosotros"},"content":{"rendered":"<div data-elementor-type=\"wp-page\" data-elementor-id=\"47\" class=\"elementor elementor-47\" data-elementor-post-type=\"page\">\n\t\t\t\t<div class=\"elementor-element elementor-element-5eb6640 e-con-full e-flex e-con e-parent\" data-id=\"5eb6640\" data-element_type=\"container\" data-settings=\"{&quot;background_background&quot;:&quot;classic&quot;}\">\n\t\t\t\t<div class=\"elementor-element elementor-element-6ae23f8 elementor-widget elementor-widget-heading\" data-id=\"6ae23f8\" data-element_type=\"widget\" data-widget_type=\"heading.default\">\n\t\t\t\t\t<h2 class=\"elementor-heading-title elementor-size-default\">Acerca de Nosotros<\/h2>\t\t\t\t<\/div>\n\t\t\t\t<\/div>\n\t\t<div class=\"elementor-element elementor-element-3838968 e-flex e-con-boxed e-con e-parent\" data-id=\"3838968\" data-element_type=\"container\">\n\t\t\t\t\t<div class=\"e-con-inner\">\n\t\t\t\t<div class=\"elementor-element elementor-element-4f5cef8 elementor-widget elementor-widget-text-editor\" data-id=\"4f5cef8\" data-element_type=\"widget\" data-widget_type=\"text-editor.default\">\n\t\t\t\t\t\t\t\t\t<h2><span style=\"font-weight: normal;\">Misi\u00f3n<\/span><\/h2><p>Desde el a\u00f1o 2004, en Centre Cl\u00ednic L&#039;Eixample, trabajamos para ofrecer una atenci\u00f3n sanitaria cercana y de calidad en Sant Joan Desp\u00ed y alrededores. Nuestro proyecto naci\u00f3 como consulta de podolog\u00eda y, con los a\u00f1os, ha crecido hasta convertirse en un centro cl\u00ednico multidisciplinar con servicios de fisioterapia, psicolog\u00eda y logopedia.<\/p><p>Nuestra misi\u00f3n es mejorar la salud y calidad de vida de nuestros pacientes mediante una atenci\u00f3n personalizada, un trato humano y un acompa\u00f1amiento continuado en todas las etapas de la vida.<\/p><p>\u00a0<\/p><hr \/><h2><span style=\"font-weight: normal;\">Visi\u00f3n<\/span><\/h2><p>Queremos ser un centro de salud de referencia en Sant Joan Desp\u00ed, reconocido por la confianza de nuestros pacientes, la experiencia de nuestro equipo y la calidad de nuestros tratamientos en podolog\u00eda, fisioterapia, psicolog\u00eda y logopedia.<\/p><p>Apostamos por un crecimiento responsable, basado en el trabajo multidisciplinar, la formaci\u00f3n continua y la mejora constante, manteniendo siempre el car\u00e1cter cercano que nos define desde nuestros inicios.<\/p><p>\u00a0<\/p><hr \/><h2><span style=\"font-weight: normal;\">Valores<\/span><\/h2><p>\u2022 Proximidad y confianza<br \/>Ofrecemos un trato cercano y familiar a nuestros pacientes de Sant Joan Desp\u00ed y alrededores, creando relaciones basadas en la confianza y el respeto.<\/p><p>\u2022 Atenci\u00f3n personalizada<br \/>Cada persona es \u00fanica, adaptando los tratamientos de podolog\u00eda, fisioterapia, psicolog\u00eda y logopedia a sus necesidades reales.<\/p><p>\u2022 Experiencia y profesionalidad<br \/>M\u00e1s de 20 a\u00f1os de experiencia al servicio de la salud, con un equipo calificado y en formaci\u00f3n constante.<\/p><p>\u2022 Trabajo multidisciplinar<br \/>La coordinaci\u00f3n entre especialidades permite ofrecer una visi\u00f3n global y efectiva de la salud.<\/p><p>\u2022 Compromiso con la salud local<br \/>Estamos comprometidos con el bienestar y calidad de vida de las personas de nuestro entorno, apostando por una atenci\u00f3n sanitaria cercana y accesible.<\/p>\t\t\t\t\t\t\t\t<\/div>\n\t\t\t\t\t<\/div>\n\t\t\t\t<\/div>\n\t\t\t\t<\/div>","protected":false},"excerpt":{"rendered":"<p>Desde el a\u00f1o 2004, en Centre Cl\u00ednic L&#039;Eixample, trabajamos para ofrecer una atenci\u00f3n sanitaria cercana y de calidad en Sant Joan Desp\u00ed y alrededores. Nuestro proyecto naci\u00f3 como consulta de podolog\u00eda y, con los a\u00f1os, ha crecido hasta convertirse en un centro cl\u00ednico multidisciplinar con servicios de fisioterapia, psicolog\u00eda y logopedia.<\/p>","protected":false},"author":1,"featured_media":0,"parent":0,"menu_order":0,"comment_status":"closed","ping_status":"closed","template":"","meta":{"footnotes":""},"class_list":["post-47","page","type-page","status-publish","hentry"],"_links":{"self":[{"href":"https:\/\/cliniceixamplesjd.com\/es\/wp-json\/wp\/v2\/pages\/47","targetHints":{"allow":["GET"]}}],"collection":[{"href":"https:\/\/cliniceixamplesjd.com\/es\/wp-json\/wp\/v2\/pages"}],"about":[{"href":"https:\/\/cliniceixamplesjd.com\/es\/wp-json\/wp\/v2\/types\/page"}],"author":[{"embeddable":true,"href":"https:\/\/cliniceixamplesjd.com\/es\/wp-json\/wp\/v2\/users\/1"}],"replies":[{"embeddable":true,"href":"https:\/\/cliniceixamplesjd.com\/es\/wp-json\/wp\/v2\/comments?post=47"}],"version-history":[{"count":17,"href":"https:\/\/cliniceixamplesjd.com\/es\/wp-json\/wp\/v2\/pages\/47\/revisions"}],"predecessor-version":[{"id":268,"href":"https:\/\/cliniceixamplesjd.com\/es\/wp-json\/wp\/v2\/pages\/47\/revisions\/268"}],"wp:attachment":[{"href":"https:\/\/cliniceixamplesjd.com\/es\/wp-json\/wp\/v2\/media?parent=47"}],"curies":[{"name":"wp","href":"https:\/\/api.w.org\/{rel}","templated":true}]}}