{"id":37,"date":"2025-12-22T21:56:40","date_gmt":"2025-12-22T20:56:40","guid":{"rendered":"https:\/\/cliniceixamplesjd.com\/?page_id=37"},"modified":"2025-12-31T18:36:34","modified_gmt":"2025-12-31T17:36:34","slug":"politica-de-privadesa","status":"publish","type":"page","link":"https:\/\/cliniceixamplesjd.com\/es\/politica-de-privadesa\/","title":{"rendered":"Pol\u00edtica de Privacidad"},"content":{"rendered":"<div data-elementor-type=\"wp-page\" data-elementor-id=\"37\" class=\"elementor elementor-37\" data-elementor-post-type=\"page\">\n\t\t\t\t<div class=\"elementor-element elementor-element-b8ef5d2 e-con-full e-flex e-con e-parent\" data-id=\"b8ef5d2\" data-element_type=\"container\" data-settings=\"{&quot;background_background&quot;:&quot;classic&quot;}\">\n\t\t\t\t<div class=\"elementor-element elementor-element-3c8cb15 elementor-widget elementor-widget-heading\" data-id=\"3c8cb15\" data-element_type=\"widget\" data-widget_type=\"heading.default\">\n\t\t\t\t\t<h2 class=\"elementor-heading-title elementor-size-default\">Pol\u00edtica de Privacidad<\/h2>\t\t\t\t<\/div>\n\t\t\t\t<\/div>\n\t\t<div class=\"elementor-element elementor-element-3160c796 e-flex e-con-boxed e-con e-parent\" data-id=\"3160c796\" data-element_type=\"container\">\n\t\t\t\t\t<div class=\"e-con-inner\">\n\t\t\t\t<div class=\"elementor-element elementor-element-1df669c elementor-widget elementor-widget-text-editor\" data-id=\"1df669c\" data-element_type=\"widget\" data-widget_type=\"text-editor.default\">\n\t\t\t\t\t\t\t\t\t\n<p data-path-to-node=\"3\">En cumplimiento del Reglamento (UE) 2016\/679 relativo a la protecci\u00f3n de las personas f\u00edsicas en lo que respecta al tratamiento de datos personales (RGPD) y la Ley Org\u00e1nica 3\/2018 de Protecci\u00f3n de Datos Personales y garant\u00eda de los derechos digitales (LOPDGDD), se informa a los usuarios de los t\u00e9rminos de privacidad de este sitio web.<\/p>\n<p data-path-to-node=\"3\">\u00a0<\/p>\n<h3 class=\"wp-block-heading\" data-path-to-node=\"4\"><strong>1. Responsable del Tratamiento<\/strong><\/h3>\n<ul data-path-to-node=\"5\">\n<li>\n<p data-path-to-node=\"5,0,0\"><b data-path-to-node=\"5,0,0\" data-index-in-node=\"0\">Identidad:<\/b> CENTRO CL\u00cdNICO EL EIXAMPLE<\/p>\n<\/li>\n<li>\n<p data-path-to-node=\"5,1,0\"><b data-path-to-node=\"5,1,0\" data-index-in-node=\"0\">CIF:<\/b> B-13857321<\/p>\n<\/li>\n<li>\n<p data-path-to-node=\"5,2,0\"><b data-path-to-node=\"5,2,0\" data-index-in-node=\"0\">Direcci\u00f3n<\/b> Rambla Josep M\u00aa Jujol 49, local 1, 08970 Sant Joan Desp\u00ed (Barcelona)<\/p>\n<\/li>\n<li>\n<p data-path-to-node=\"5,3,0\"><b data-path-to-node=\"5,3,0\" data-index-in-node=\"0\">Tel\u00e9fono:<\/b> 933733706<\/p>\n<\/li>\n<li>\n<p data-path-to-node=\"5,4,0\"><b data-path-to-node=\"5,4,0\" data-index-in-node=\"0\">Correo electr\u00f3nico:<\/b> info@cmeixample.com<\/p>\n<\/li>\n<li>\n<p data-path-to-node=\"5,5,0\"><b data-path-to-node=\"5,5,0\" data-index-in-node=\"0\">Sitio Web:<\/b> <span style=\"color: #0000ff;\"><a class=\"ng-star-inserted\" style=\"color: #0000ff;\" href=\"https:\/\/cliniceixamplesjd.com\/es\/\" target=\"_blank\" rel=\"noopener\" data-hveid=\"0\" data-ved=\"0CAAQ_4QMahcKEwjmjqTIhuORAxUAAAAAHQAAAAAQcQ\">https:\/\/cliniceixamplesjd.com<\/a><\/span><\/p>\n<\/li>\n<\/ul>\n<p>\u00a0<\/p>\n<hr data-path-to-node=\"6\" \/>\n<h3 data-path-to-node=\"7\"><strong>2. Qu\u00e9 datos recogemos y por qu\u00e9<\/strong><\/h3>\n<h3 data-path-to-node=\"8\">Comentarios<\/h3>\n<p data-path-to-node=\"9\">Cuando los visitantes dejan comentarios en la web, recogemos los datos que se muestran en el formulario de comentarios, as\u00ed como la direcci\u00f3n IP del visitante y la cadena de agentes de usuario del navegador para ayudar a la detecci\u00f3n de spam.<\/p>\n<p data-path-to-node=\"10\">Una cadena an\u00f3nima creada a partir de su direcci\u00f3n de correo electr\u00f3nico (tambi\u00e9n llamada hash) puede ser proporcionada al servicio Gravatar para ver si la utiliza. La pol\u00edtica de privacidad del servicio Gravatar est\u00e1 disponible aqu\u00ed: <span style=\"color: #0000ff;\"><a class=\"ng-star-inserted\" style=\"color: #0000ff;\" href=\"https:\/\/automattic.com\/privacy\/\" target=\"_blank\" rel=\"noopener\" data-hveid=\"0\" data-ved=\"0CAAQ_4QMahcKEwjmjqTIhuORAxUAAAAAHQAAAAAQcg\">https:\/\/automattic.com\/privacy\/<\/a><\/span>. Despu\u00e9s de la aprobaci\u00f3n de su comentario, la imagen de su perfil es visible para el p\u00fablico en el contexto de su comentario.<\/p>\n<h3 data-path-to-node=\"11\">Medios<\/h3>\n<p data-path-to-node=\"12\">Si sube im\u00e1genes al sitio web, deber\u00eda evitar subirlas con datos de ubicaci\u00f3n (GPS EXIF) incluidos. Los visitantes del sitio web pueden descargar y extraer cualquier dato de ubicaci\u00f3n de las im\u00e1genes de la web.<\/p>\n<p data-path-to-node=\"12\">\u00a0<\/p>\n<hr data-path-to-node=\"13\" \/>\n<h3 data-path-to-node=\"14\"><strong>3. Galletas (Cookies)<\/strong><\/h3>\n<p data-path-to-node=\"15\">Si deja un comentario en nuestro sitio, puede elegir guardar su nombre, direcci\u00f3n de correo electr\u00f3nico y web en cookies. Esto es para su comodidad, para que no tenga que volver a rellenar los datos cuando deje otro comentario. Estas galletas tendr\u00e1n una duraci\u00f3n de<b data-path-to-node=\"15\" data-index-in-node=\"268\">un a\u00f1o<\/b>.<\/p>\n<ul data-path-to-node=\"16\">\n<li>\n<p data-path-to-node=\"16,0,0\"><b data-path-to-node=\"16,0,0\" data-index-in-node=\"0\">Acceso:<\/b> Si tiene una cuenta y se conecta a este sitio, instalaremos una cookie temporal para determinar si su navegador acepta cookies. Esta cookie no contiene datos personales y se suprime al cerrar el navegador.<\/p>\n<\/li>\n<li>\n<p data-path-to-node=\"16,1,0\"><b data-path-to-node=\"16,1,0\" data-index-in-node=\"0\">Sesi\u00f3n:<\/b> Cuando acceda, tambi\u00e9n instalaremos varias cookies para guardar su informaci\u00f3n de acceso y las opciones de visualizaci\u00f3n de pantalla. Las cookies de acceso duran <b data-path-to-node=\"16,1,0\" data-index-in-node=\"170\">dos d\u00edas<\/b>, y las de <span class=\"citation-263\">pantalla <\/span><b data-path-to-node=\"16,1,0\" data-index-in-node=\"198\"><span class=\"citation-263\">un a\u00f1o<\/span><\/b><span class=\"citation-263\">. Si selecciona \u00abRecu\u00e9rdame\u00bb, el acceso durar\u00e1 <\/span><b data-path-to-node=\"16,1,0\" data-index-in-node=\"249\"><span class=\"citation-263\">dos semanas<\/span><\/b><span class=\"citation-263 citation-end-263\">. Si sale de la cuenta, las cookies de acceso se suprimir\u00e1n.<\/span><\/p>\n<\/li>\n<li>\n<p data-path-to-node=\"16,2,0\"><b data-path-to-node=\"16,2,0\" data-index-in-node=\"0\"><span class=\"citation-262\">Edici\u00f3n:<\/span><\/b><span class=\"citation-262 citation-end-262\"> Si edita o publica un art\u00edculo, se guardar\u00e1 una gale<\/span>ta adicional en el navegador que indica el ID del art\u00edculo editado. Caduca despu\u00e9s de\u2019<b data-path-to-node=\"16,2,0\" data-index-in-node=\"141\">un d\u00eda<\/b>.<\/p>\n<div class=\"source-inline-chip-container ng-star-inserted\">\u00a0<\/div>\n<\/li>\n<\/ul>\n<hr data-path-to-node=\"17\" \/>\n<h3 data-path-to-node=\"18\"><strong>4. Contenido incrustado de otros sitios web<\/strong><\/h3>\n<p data-path-to-node=\"19\">Los art\u00edculos de este sitio pueden incluir contenido incrustado (por ejemplo, v\u00eddeos, im\u00e1genes, art\u00edculos, etc.). El contenido incrustado de otras webs se comporta exactamente de la misma forma que si el visitante hubiera visitado la otra web.<\/p>\n<p data-path-to-node=\"20\">Estas webs pueden recoger datos sobre usted, utilizar cookies, incrustar un seguimiento adicional de terceros y supervisar su interacci\u00f3n con este contenido, incluido el seguimiento si tiene una cuenta y est\u00e1 conectado a esa web.<\/p>\n<p data-path-to-node=\"20\">\u00a0<\/p>\n<hr data-path-to-node=\"21\" \/>\n<h3 data-path-to-node=\"22\"><strong>5. \u00bfCu\u00e1nto tiempo conservamos los datos<\/strong><\/h3>\n<ul data-path-to-node=\"23\">\n<li>\n<p data-path-to-node=\"23,0,0\"><b data-path-to-node=\"23,0,0\" data-index-in-node=\"0\">Comentarios:<\/b> El comentario y sus metadatos se conservan indefinidamente para poder reconocer y aprobar comentarios sucesivos autom\u00e1ticamente.<\/p>\n<\/li>\n<li>\n<p data-path-to-node=\"23,1,0\"><b data-path-to-node=\"23,1,0\" data-index-in-node=\"0\">Usuarios registrados:<\/b> Almacenamos la informaci\u00f3n personal que proporcionan a su perfil de usuario. Todos los usuarios pueden ver, editar o suprimir su informaci\u00f3n personal en cualquier momento (excepto el nombre de usuario). Los administradores de la web tambi\u00e9n pueden ver y editar esta informaci\u00f3n.<\/p>\n<\/li>\n<li>\n<p data-path-to-node=\"23,2,0\"><b data-path-to-node=\"23,2,0\" data-index-in-node=\"0\">Datos M\u00e9dicos:<\/b> Los datos relacionados con la historia cl\u00ednica se conservar\u00e1n durante los plazos legales establecidos por la normativa de autonom\u00eda del paciente y ordenaci\u00f3n sanitaria vigente en Catalu\u00f1a y Espa\u00f1a.<br \/>\u00a0 \u00a0 \u00a0\u00a0<\/p>\n<\/li>\n<\/ul>\n<hr data-path-to-node=\"24\" \/>\n<h3 data-path-to-node=\"25\"><strong>6. \u00bfQu\u00e9 derechos tiene sobre sus datos<\/strong><\/h3>\n<p data-path-to-node=\"26\">Si tiene una cuenta o ha dejado comentarios en esta web, puede pedir recibir un fichero de exportaci\u00f3n de los datos personales que tenemos sobre vosotros<span class=\"citation-260 citation-261 citation-end-261\">nada. Tambi\u00e9n puede pedir que eliminemos cualquier dato personal.<\/span><\/p>\n<p data-path-to-node=\"27\"><span class=\"citation-258 citation-259\">Esto no incluye ning\u00fan dato que estemos obligados a conservar con fines <\/span><b data-path-to-node=\"27\" data-index-in-node=\"67\"><span class=\"citation-258 citation-259\">administrativos, legales o de seguridad<\/span><\/b><span class=\"citation-258 citation-259 citation-end-259\"> (especialmente en cuanto a expediente<\/span><span class=\"citation-258 citation-end-258\">s m\u00e9dicos yh<\/span>historias cl\u00ednicas).<\/p>\n<p data-path-to-node=\"28\">Para ejercer estos derechos, puede enviar un correo a <b data-path-to-node=\"28\" data-index-in-node=\"52\">info@cmeixample.com<\/b> adjuntando una copia de su DNI.<\/p>\n<p data-path-to-node=\"28\">\u00a0<\/p>\n<hr data-path-to-node=\"29\" \/>\n<h3 data-path-to-node=\"30\"><strong>7. Donde se env\u00edan sus datos<\/strong><\/h3>\n<p data-path-to-node=\"31\">Los comentarios de los visitantes los puede revisar un servicio de detecci\u00f3n autom\u00e1tica de spam. En caso de solicitar un restablecimiento de contrase\u00f1a, su direcci\u00f3n IP se incluir\u00e1 en el correo electr\u00f3nico de restablecimiento.<\/p>\n<p data-path-to-node=\"32\">No vendemos ni cedemos sus datos a terceros, salvo por obligaci\u00f3n legal o para la correcta prestaci\u00f3n del servicio m\u00e9dico solicitado.<\/p>\t\t\t\t\t\t\t\t<\/div>\n\t\t\t\t\t<\/div>\n\t\t\t\t<\/div>\n\t\t\t\t<\/div>","protected":false},"excerpt":{"rendered":"<p>En compliment del Reglament (UE) 2016\/679 relatiu a la protecci\u00f3 de les persones f\u00edsiques pel que fa al tractament de dades personals (RGPD) i la Llei Org\u00e0nica 3\/2018 de Protecci\u00f3 de Dades Personals i garantia dels drets digitals (LOPDGDD), s\u2019informa els usuaris dels termes de privadesa d\u2019aquest lloc web. \u00a0 1. Responsable del Tractament Identitat: [&hellip;]<\/p>","protected":false},"author":1,"featured_media":0,"parent":0,"menu_order":0,"comment_status":"closed","ping_status":"closed","template":"","meta":{"footnotes":""},"class_list":["post-37","page","type-page","status-publish","hentry"],"_links":{"self":[{"href":"https:\/\/cliniceixamplesjd.com\/es\/wp-json\/wp\/v2\/pages\/37","targetHints":{"allow":["GET"]}}],"collection":[{"href":"https:\/\/cliniceixamplesjd.com\/es\/wp-json\/wp\/v2\/pages"}],"about":[{"href":"https:\/\/cliniceixamplesjd.com\/es\/wp-json\/wp\/v2\/types\/page"}],"author":[{"embeddable":true,"href":"https:\/\/cliniceixamplesjd.com\/es\/wp-json\/wp\/v2\/users\/1"}],"replies":[{"embeddable":true,"href":"https:\/\/cliniceixamplesjd.com\/es\/wp-json\/wp\/v2\/comments?post=37"}],"version-history":[{"count":12,"href":"https:\/\/cliniceixamplesjd.com\/es\/wp-json\/wp\/v2\/pages\/37\/revisions"}],"predecessor-version":[{"id":327,"href":"https:\/\/cliniceixamplesjd.com\/es\/wp-json\/wp\/v2\/pages\/37\/revisions\/327"}],"wp:attachment":[{"href":"https:\/\/cliniceixamplesjd.com\/es\/wp-json\/wp\/v2\/media?parent=37"}],"curies":[{"name":"wp","href":"https:\/\/api.w.org\/{rel}","templated":true}]}}