{"id":142,"date":"2025-12-25T23:41:44","date_gmt":"2025-12-25T22:41:44","guid":{"rendered":"https:\/\/cliniceixamplesjd.com\/?page_id=142"},"modified":"2025-12-25T23:48:46","modified_gmt":"2025-12-25T22:48:46","slug":"blog","status":"publish","type":"page","link":"https:\/\/cliniceixamplesjd.com\/es\/blog\/","title":{"rendered":"Blog"},"content":{"rendered":"<div data-elementor-type=\"wp-page\" data-elementor-id=\"142\" class=\"elementor elementor-142\" data-elementor-post-type=\"page\">\n\t\t\t\t<div class=\"elementor-element elementor-element-f16946c e-con-full e-flex e-con e-parent\" data-id=\"f16946c\" data-element_type=\"container\" data-settings=\"{&quot;background_background&quot;:&quot;classic&quot;}\">\n\t\t\t\t<div class=\"elementor-element elementor-element-28a0165 elementor-widget elementor-widget-heading\" data-id=\"28a0165\" data-element_type=\"widget\" data-widget_type=\"heading.default\">\n\t\t\t\t\t<h2 class=\"elementor-heading-title elementor-size-default\">Blog<\/h2>\t\t\t\t<\/div>\n\t\t\t\t<\/div>\n\t\t<div class=\"elementor-element elementor-element-bcd49dd e-flex e-con-boxed e-con e-parent\" data-id=\"bcd49dd\" data-element_type=\"container\">\n\t\t\t\t\t<div class=\"e-con-inner\">\n\t\t\t\t<div class=\"elementor-element elementor-element-e23bb24 elementor-grid-1 elementor-grid-tablet-2 elementor-grid-mobile-1 elementor-widget elementor-widget-loop-grid\" data-id=\"e23bb24\" data-element_type=\"widget\" data-settings=\"{&quot;template_id&quot;:151,&quot;columns&quot;:1,&quot;pagination_type&quot;:&quot;load_more_infinite_scroll&quot;,&quot;_skin&quot;:&quot;post&quot;,&quot;columns_tablet&quot;:&quot;2&quot;,&quot;columns_mobile&quot;:&quot;1&quot;,&quot;edit_handle_selector&quot;:&quot;[data-elementor-type=\\&quot;loop-item\\&quot;]&quot;,&quot;load_more_spinner&quot;:{&quot;value&quot;:&quot;fas fa-spinner&quot;,&quot;library&quot;:&quot;fa-solid&quot;},&quot;row_gap&quot;:{&quot;unit&quot;:&quot;px&quot;,&quot;size&quot;:&quot;&quot;,&quot;sizes&quot;:[]},&quot;row_gap_tablet&quot;:{&quot;unit&quot;:&quot;px&quot;,&quot;size&quot;:&quot;&quot;,&quot;sizes&quot;:[]},&quot;row_gap_mobile&quot;:{&quot;unit&quot;:&quot;px&quot;,&quot;size&quot;:&quot;&quot;,&quot;sizes&quot;:[]}}\" data-widget_type=\"loop-grid.post\">\n\t\t\t\t<div class=\"elementor-widget-container\">\n\t\t\t\t\t\t\t<div class=\"elementor-loop-container elementor-grid\" role=\"list\">\n\t\t<style id=\"loop-151\">.elementor-151 .elementor-element.elementor-element-fb575e7{--display:flex;}.elementor-widget-theme-post-title .elementor-heading-title{font-family:var( --e-global-typography-primary-font-family ), Sans-serif;font-size:var( --e-global-typography-primary-font-size );font-weight:var( --e-global-typography-primary-font-weight );color:var( --e-global-color-primary );}.elementor-151 .elementor-element.elementor-element-eed5961{padding:0px 0px 24px 0px;text-align:start;}.elementor-151 .elementor-element.elementor-element-eed5961 .elementor-heading-title{font-family:\"Plus Jakarta Sans\", Sans-serif;font-size:48px;font-weight:600;}.elementor-widget-theme-post-excerpt{font-family:var( --e-global-typography-text-font-family ), Sans-serif;font-size:var( --e-global-typography-text-font-size );font-weight:var( --e-global-typography-text-font-weight );color:var( --e-global-color-text );}.elementor-151 .elementor-element.elementor-element-bef7b96{font-family:\"Plus Jakarta Sans\", Sans-serif;font-size:24px;font-weight:400;}.elementor-151 .elementor-element.elementor-element-bef7b96 a{color:var( --e-global-color-primary );}.elementor-widget-button .elementor-button{background-color:var( --e-global-color-accent );font-family:var( --e-global-typography-accent-font-family ), Sans-serif;font-size:var( --e-global-typography-accent-font-size );font-weight:var( --e-global-typography-accent-font-weight );}.elementor-151 .elementor-element.elementor-element-d07ad0e .elementor-button{background-color:var( --e-global-color-text );}.elementor-151 .elementor-element.elementor-element-d07ad0e .elementor-button:hover, .elementor-151 .elementor-element.elementor-element-d07ad0e .elementor-button:focus{background-color:var( --e-global-color-primary );}@media(max-width:1024px){.elementor-widget-theme-post-title .elementor-heading-title{font-size:var( --e-global-typography-primary-font-size );}.elementor-widget-theme-post-excerpt{font-size:var( --e-global-typography-text-font-size );}.elementor-widget-button .elementor-button{font-size:var( --e-global-typography-accent-font-size );}}@media(max-width:767px){.elementor-widget-theme-post-title .elementor-heading-title{font-size:var( --e-global-typography-primary-font-size );}.elementor-151 .elementor-element.elementor-element-eed5961 .elementor-heading-title{font-size:32px;}.elementor-widget-theme-post-excerpt{font-size:var( --e-global-typography-text-font-size );}.elementor-151 .elementor-element.elementor-element-bef7b96{font-size:18px;}.elementor-widget-button .elementor-button{font-size:var( --e-global-typography-accent-font-size );}}<\/style>\t\t<div data-elementor-type=\"loop-item\" data-elementor-id=\"151\" class=\"elementor elementor-151 e-loop-item e-loop-item-1 post-1 post type-post status-publish format-standard hentry category-uncategorized\" data-elementor-post-type=\"elementor_library\" data-custom-edit-handle=\"1\">\n\t\t\t<div class=\"elementor-element elementor-element-fb575e7 e-flex e-con-boxed e-con e-parent\" data-id=\"fb575e7\" data-element_type=\"container\">\n\t\t\t\t\t<div class=\"e-con-inner\">\n\t\t\t\t<div class=\"elementor-element elementor-element-eed5961 elementor-widget elementor-widget-theme-post-title elementor-page-title elementor-widget-heading\" data-id=\"eed5961\" data-element_type=\"widget\" data-widget_type=\"theme-post-title.default\">\n\t\t\t\t\t<h1 class=\"elementor-heading-title elementor-size-default\"><a href=\"https:\/\/cliniceixamplesjd.com\/es\/consells-per-a-liniciacio-en-alguna-activitat-esportiva\/\">CONSEJOS PARA LA INICIACI\u00d3N EN ALGUNA ACTIVIDAD DEPORTIVA<\/a><\/h1>\t\t\t\t<\/div>\n\t\t\t\t<div class=\"elementor-element elementor-element-bef7b96 elementor-widget elementor-widget-theme-post-excerpt\" data-id=\"bef7b96\" data-element_type=\"widget\" data-widget_type=\"theme-post-excerpt.default\">\n\t\t\t\t\t<p>En Centre Cl\u00ednic L'Eixample, en Sant Joan Desp\u00ed, la fisioterapia deportiva no s\u00f3lo ayuda a recuperarse de lesiones, sino que tambi\u00e9n es clave para prevenir problemas futuros y mejorar el rendimiento.\t\t\t\t<\/div>\n\t\t\t\t<div class=\"elementor-element elementor-element-d07ad0e elementor-widget elementor-widget-button\" data-id=\"d07ad0e\" data-element_type=\"widget\" data-widget_type=\"button.default\">\n\t\t\t\t\t\t\t\t\t\t<a class=\"elementor-button elementor-button-link elementor-size-sm\" href=\"https:\/\/cliniceixamplesjd.com\/es\/consells-per-a-liniciacio-en-alguna-activitat-esportiva\/\">\n\t\t\t\t\t\t<span class=\"elementor-button-content-wrapper\">\n\t\t\t\t\t\t\t\t\t<span class=\"elementor-button-text\">Leer m\u00e1s ...<\/span>\n\t\t\t\t\t<\/span>\n\t\t\t\t\t<\/a>\n\t\t\t\t\t\t\t\t<\/div>\n\t\t\t\t\t<\/div>\n\t\t\t\t<\/div>\n\t\t\t\t<\/div>\n\t\t\t\t<\/div>\n\t\t\t\t\t<span class=\"e-load-more-spinner\">\n\t\t\t\t<svg aria-hidden=\"true\" class=\"e-font-icon-svg e-fas-spinner\" viewbox=\"0 0 512 512\" xmlns=\"http:\/\/www.w3.org\/2000\/svg\"><path d=\"M304 48c0 26.51-21.49 48-48 48s-48-21.49-48-48 21.49-48 48-48 48 21.49 48 48zm-48 368c-26.51 0-48 21.49-48 48s21.49 48 48 48 48-21.49 48-48-21.49-48-48-48zm208-208c-26.51 0-48 21.49-48 48s21.49 48 48 48 48-21.49 48-48-21.49-48-48-48zM96 256c0-26.51-21.49-48-48-48S0 229.49 0 256s21.49 48 48 48 48-21.49 48-48zm12.922 99.078c-26.51 0-48 21.49-48 48s21.49 48 48 48 48-21.49 48-48c0-26.509-21.491-48-48-48zm294.156 0c-26.51 0-48 21.49-48 48s21.49 48 48 48 48-21.49 48-48c0-26.509-21.49-48-48-48zM108.922 60.922c-26.51 0-48 21.49-48 48s21.49 48 48 48 48-21.49 48-48-21.491-48-48-48z\"><\/path><\/svg>\t\t\t<\/span>\n\t\t\n\t\t\t\t\t\t<\/div>\n\t\t\t\t<\/div>\n\t\t\t\t\t<\/div>\n\t\t\t\t<\/div>\n\t\t\t\t<\/div>","protected":false},"excerpt":{"rendered":"","protected":false},"author":1,"featured_media":0,"parent":0,"menu_order":0,"comment_status":"closed","ping_status":"closed","template":"","meta":{"footnotes":""},"class_list":["post-142","page","type-page","status-publish","hentry"],"_links":{"self":[{"href":"https:\/\/cliniceixamplesjd.com\/es\/wp-json\/wp\/v2\/pages\/142","targetHints":{"allow":["GET"]}}],"collection":[{"href":"https:\/\/cliniceixamplesjd.com\/es\/wp-json\/wp\/v2\/pages"}],"about":[{"href":"https:\/\/cliniceixamplesjd.com\/es\/wp-json\/wp\/v2\/types\/page"}],"author":[{"embeddable":true,"href":"https:\/\/cliniceixamplesjd.com\/es\/wp-json\/wp\/v2\/users\/1"}],"replies":[{"embeddable":true,"href":"https:\/\/cliniceixamplesjd.com\/es\/wp-json\/wp\/v2\/comments?post=142"}],"version-history":[{"count":13,"href":"https:\/\/cliniceixamplesjd.com\/es\/wp-json\/wp\/v2\/pages\/142\/revisions"}],"predecessor-version":[{"id":162,"href":"https:\/\/cliniceixamplesjd.com\/es\/wp-json\/wp\/v2\/pages\/142\/revisions\/162"}],"wp:attachment":[{"href":"https:\/\/cliniceixamplesjd.com\/es\/wp-json\/wp\/v2\/media?parent=142"}],"curies":[{"name":"wp","href":"https:\/\/api.w.org\/{rel}","templated":true}]}}